{"id":886,"date":"2020-12-30T13:32:04","date_gmt":"2020-12-30T13:32:04","guid":{"rendered":"https:\/\/a-joint.nl\/blog-grid-copy\/"},"modified":"2022-05-24T15:00:39","modified_gmt":"2022-05-24T13:00:39","slug":"aktuelles","status":"publish","type":"page","link":"https:\/\/a-joint.nl\/en\/aktuelles\/","title":{"rendered":"News"},"content":{"rendered":"<div data-elementor-type=\"wp-page\" data-elementor-id=\"886\" class=\"elementor elementor-886\" data-elementor-post-type=\"page\">\n\t\t\t\t\t\t<section class=\"elementor-section elementor-top-section elementor-element elementor-element-4c4409b elementor-section-boxed elementor-section-height-default elementor-section-height-default\" data-id=\"4c4409b\" data-element_type=\"section\" data-e-type=\"section\">\n\t\t\t\t\t\t<div class=\"elementor-container elementor-column-gap-default\">\n\t\t\t\t\t<div class=\"elementor-column elementor-col-66 elementor-top-column elementor-element elementor-element-199dbf0\" data-id=\"199dbf0\" data-element_type=\"column\" data-e-type=\"column\">\n\t\t\t<div class=\"elementor-widget-wrap elementor-element-populated\">\n\t\t\t\t\t\t<div class=\"elementor-element elementor-element-3c9031d elementor-widget elementor-widget-news-section\" data-id=\"3c9031d\" data-element_type=\"widget\" data-e-type=\"widget\" data-widget_type=\"news-section.default\">\n\t\t\t\t<div class=\"elementor-widget-container\">\n\t\t\t\t\t\t\t\t<div class=\"section-content\">\n\t\t\t\t<div class=\"blog-list-style-outer\">\n\t\t\t\t\t\t\t\t\t\t\t\n\t\t\t\t\t\t<div class=\"blog-post blog-style-1 blog-list-style shadow\">\n\t\t\t\t\t\t\t<div class=\"wt-post-media wt-img-effect clear zoom-slow\">\n\t\t\t\t\t\t\t\t<a href=\"https:\/\/a-joint.nl\/en\/schnell-und-einfach-mit-decofix\/\">\n\t\t\t\t\t\t\t\t\t<img fetchpriority=\"high\" decoding=\"async\" width=\"1000\" height=\"600\" src=\"https:\/\/a-joint.nl\/wp-content\/uploads\/2022\/03\/ajoint-decofix-produkt.jpg\" class=\"attachment-full size-full wp-post-image\" alt=\"\" srcset=\"https:\/\/a-joint.nl\/wp-content\/uploads\/2022\/03\/ajoint-decofix-produkt.jpg 1000w, https:\/\/a-joint.nl\/wp-content\/uploads\/2022\/03\/ajoint-decofix-produkt-300x180.jpg 300w, https:\/\/a-joint.nl\/wp-content\/uploads\/2022\/03\/ajoint-decofix-produkt-768x461.jpg 768w, https:\/\/a-joint.nl\/wp-content\/uploads\/2022\/03\/ajoint-decofix-produkt-18x12.jpg 18w, https:\/\/a-joint.nl\/wp-content\/uploads\/2022\/03\/ajoint-decofix-produkt-600x360.jpg 600w\" sizes=\"(max-width: 1000px) 100vw, 1000px\" \/>\t\t\t\t\t\t\t\t<\/a>\n\t\t\t\t\t\t\t<\/div>                                    \n\t\t\t\t\t\t\t<div class=\"wt-post-info clear\">\n\t\t\t\t\t\t\t\t<div class=\"wt-post-meta\">\n\t\t\t\t\t\t\t\t\t<ul>\n\t\t\t\t\t\t\t\t\t\t<li class=\"post-date\">11. March 2022<\/li>\n\t\t\t\t\t\t\t\t\t<\/ul>\n\t\t\t\t\t\t\t\t<\/div>                                 \n\t\t\t\t\t\t\t\t<div class=\"wt-post-title\">\n\t\t\t\t\t\t\t\t\t<h3 class=\"post-title\"><a href=\"https:\/\/a-joint.nl\/en\/schnell-und-einfach-mit-decofix\/\">Quick and easy with DECOFIX<\/a><\/h3>\n\t\t\t\t\t\t\t\t<\/div>\n\t\t\t\t\t\t\t\t<div class=\"wt-post-text\">\n\t\t\t\t\t\t\t\t\t<p>The chippings and gravel consolidator for light-colored stones A-JOINT\u00ae DECOFIX is a highly water-permeable, frost- and UV-resistant 1-component special adhesive for bonding dust-free and troc<\/p>\n\t\t\t\t\t\t\t\t<\/div>                                           \n\t\t\t\t\t\t\t\t<div class=\"wt-post-readmore\">\n\t\t\t\t\t\t\t\t\t<a href=\"https:\/\/a-joint.nl\/en\/schnell-und-einfach-mit-decofix\/\" class=\"site-button-link black\">Read More<\/a>\n\t\t\t\t\t\t\t\t<\/div>                                        \n\t\t\t\t\t\t   <\/div>                                \n\t\t\t\t\t\t<\/div>\n\t\t\t\t\t\t\t\t\t\t\t\t\n\t\t\t\t\t\t<div class=\"blog-post blog-style-1 blog-list-style shadow\">\n\t\t\t\t\t\t\t<div class=\"wt-post-media wt-img-effect clear zoom-slow\">\n\t\t\t\t\t\t\t\t<a href=\"https:\/\/a-joint.nl\/en\/step-by-step-mit-ready-verfugen\/\">\n\t\t\t\t\t\t\t\t\t<img decoding=\"async\" width=\"1000\" height=\"600\" src=\"https:\/\/a-joint.nl\/wp-content\/uploads\/2020\/12\/ajoint-ready-produkt.jpg\" class=\"attachment-full size-full wp-post-image\" alt=\"\" srcset=\"https:\/\/a-joint.nl\/wp-content\/uploads\/2020\/12\/ajoint-ready-produkt.jpg 1000w, https:\/\/a-joint.nl\/wp-content\/uploads\/2020\/12\/ajoint-ready-produkt-300x180.jpg 300w, https:\/\/a-joint.nl\/wp-content\/uploads\/2020\/12\/ajoint-ready-produkt-768x461.jpg 768w, https:\/\/a-joint.nl\/wp-content\/uploads\/2020\/12\/ajoint-ready-produkt-600x360.jpg 600w\" sizes=\"(max-width: 1000px) 100vw, 1000px\" \/>\t\t\t\t\t\t\t\t<\/a>\n\t\t\t\t\t\t\t<\/div>                                    \n\t\t\t\t\t\t\t<div class=\"wt-post-info clear\">\n\t\t\t\t\t\t\t\t<div class=\"wt-post-meta\">\n\t\t\t\t\t\t\t\t\t<ul>\n\t\t\t\t\t\t\t\t\t\t<li class=\"post-date\">10. March 2022<\/li>\n\t\t\t\t\t\t\t\t\t<\/ul>\n\t\t\t\t\t\t\t\t<\/div>                                 \n\t\t\t\t\t\t\t\t<div class=\"wt-post-title\">\n\t\t\t\t\t\t\t\t\t<h3 class=\"post-title\"><a href=\"https:\/\/a-joint.nl\/en\/step-by-step-mit-ready-verfugen\/\">Step by Step: Jointing with READY<\/a><\/h3>\n\t\t\t\t\t\t\t\t<\/div>\n\t\t\t\t\t\t\t\t<div class=\"wt-post-text\">\n\t\t\t\t\t\t\t\t\t<p>A-JOINT\u00ae READY is a ready-to-use, vacuum-packed paving grout with a special mixture of natural sand. It is highly permeable to water, frost resistant and hardens by<\/p>\n\t\t\t\t\t\t\t\t<\/div>                                           \n\t\t\t\t\t\t\t\t<div class=\"wt-post-readmore\">\n\t\t\t\t\t\t\t\t\t<a href=\"https:\/\/a-joint.nl\/en\/step-by-step-mit-ready-verfugen\/\" class=\"site-button-link black\">Read More<\/a>\n\t\t\t\t\t\t\t\t<\/div>                                        \n\t\t\t\t\t\t   <\/div>                                \n\t\t\t\t\t\t<\/div>\n\t\t\t\t\t\t\t\t\t\t\t\t\n\t\t\t\t\t\t<div class=\"blog-post blog-style-1 blog-list-style shadow\">\n\t\t\t\t\t\t\t<div class=\"wt-post-media wt-img-effect clear zoom-slow\">\n\t\t\t\t\t\t\t\t<a href=\"https:\/\/a-joint.nl\/en\/die-vielseitige-2-komponenten-pro-pflasterfuge\/\">\n\t\t\t\t\t\t\t\t\t<img decoding=\"async\" width=\"1000\" height=\"600\" src=\"https:\/\/a-joint.nl\/wp-content\/uploads\/2022\/03\/ajoint-pro-produkt-1.jpg\" class=\"attachment-full size-full wp-post-image\" alt=\"\" srcset=\"https:\/\/a-joint.nl\/wp-content\/uploads\/2022\/03\/ajoint-pro-produkt-1.jpg 1000w, https:\/\/a-joint.nl\/wp-content\/uploads\/2022\/03\/ajoint-pro-produkt-1-300x180.jpg 300w, https:\/\/a-joint.nl\/wp-content\/uploads\/2022\/03\/ajoint-pro-produkt-1-768x461.jpg 768w, https:\/\/a-joint.nl\/wp-content\/uploads\/2022\/03\/ajoint-pro-produkt-1-18x12.jpg 18w, https:\/\/a-joint.nl\/wp-content\/uploads\/2022\/03\/ajoint-pro-produkt-1-600x360.jpg 600w\" sizes=\"(max-width: 1000px) 100vw, 1000px\" \/>\t\t\t\t\t\t\t\t<\/a>\n\t\t\t\t\t\t\t<\/div>                                    \n\t\t\t\t\t\t\t<div class=\"wt-post-info clear\">\n\t\t\t\t\t\t\t\t<div class=\"wt-post-meta\">\n\t\t\t\t\t\t\t\t\t<ul>\n\t\t\t\t\t\t\t\t\t\t<li class=\"post-date\">10. March 2022<\/li>\n\t\t\t\t\t\t\t\t\t<\/ul>\n\t\t\t\t\t\t\t\t<\/div>                                 \n\t\t\t\t\t\t\t\t<div class=\"wt-post-title\">\n\t\t\t\t\t\t\t\t\t<h3 class=\"post-title\"><a href=\"https:\/\/a-joint.nl\/en\/die-vielseitige-2-komponenten-pro-pflasterfuge\/\">The versatile 2-component PRO joint<\/a><\/h3>\n\t\t\t\t\t\t\t\t<\/div>\n\t\t\t\t\t\t\t\t<div class=\"wt-post-text\">\n\t\t\t\t\t\t\t\t\t<p>A-JOINT\u00ae PRO ist ein wasserdurchl\u00e4ssiger, frost- und tausalzbest\u00e4ndiger Pflasterfugenm\u00f6rtel, welcher durch seine selbstverdichtende Eigenschaft und hohe Flie\u00dff\u00e4higkeit besonders gut f\u00fcr sc<\/p>\n\t\t\t\t\t\t\t\t<\/div>                                           \n\t\t\t\t\t\t\t\t<div class=\"wt-post-readmore\">\n\t\t\t\t\t\t\t\t\t<a href=\"https:\/\/a-joint.nl\/en\/die-vielseitige-2-komponenten-pro-pflasterfuge\/\" class=\"site-button-link black\">Read More<\/a>\n\t\t\t\t\t\t\t\t<\/div>                                        \n\t\t\t\t\t\t   <\/div>                                \n\t\t\t\t\t\t<\/div>\n\t\t\t\t\t\t\t\t\t\t<\/div>\n\t\t\t\t\t\t\t<\/div>\n\t\t\t\t\t\t\t<\/div>\n\t\t\t\t<\/div>\n\t\t\t\t\t<\/div>\n\t\t<\/div>\n\t\t\t\t<div class=\"elementor-column elementor-col-33 elementor-top-column elementor-element elementor-element-40461a2\" data-id=\"40461a2\" data-element_type=\"column\" data-e-type=\"column\">\n\t\t\t<div class=\"elementor-widget-wrap elementor-element-populated\">\n\t\t\t\t\t\t<div class=\"elementor-element elementor-element-0930480 elementor-widget elementor-widget-dronza-sidebar\" data-id=\"0930480\" data-element_type=\"widget\" data-e-type=\"widget\" data-widget_type=\"dronza-sidebar.default\">\n\t\t\t\t<div class=\"elementor-widget-container\">\n\t\t\t\t\t\t\t\n\t\t<div class=\"rightSidebar m-b30\">\n\t\t\t<aside class=\"side-bar\">\n\t\t\t\t<div id=\"recent_posts_entry-3\" class=\"widget widget_recent_posts_entry sidebar-widget dronza-widget p-a20\">   \n\t\t<div class=\"recent-posts-entry\">\n\t\t\t<h4 class=\"widget-title\">Latest News<\/h4>\t\t\t<div class=\"section-content\">\n\t\t\t\t<div class=\"widget-post-bx\">\n\t\t\t\t   \t\t\t\t\t\t<div class=\"widget-post clearfix\">\n\t\t\t\t\t\t\t<div class=\"wt-post-media\">\n\t\t\t\t\t\t\t\t<img loading=\"lazy\" decoding=\"async\" width=\"150\" height=\"150\" src=\"https:\/\/a-joint.nl\/wp-content\/uploads\/2022\/03\/ajoint-decofix-produkt-150x150.jpg\" class=\"attachment-thumbnail size-thumbnail wp-post-image\" alt=\"\" srcset=\"https:\/\/a-joint.nl\/wp-content\/uploads\/2022\/03\/ajoint-decofix-produkt-150x150.jpg 150w, https:\/\/a-joint.nl\/wp-content\/uploads\/2022\/03\/ajoint-decofix-produkt-300x300.jpg 300w, https:\/\/a-joint.nl\/wp-content\/uploads\/2022\/03\/ajoint-decofix-produkt-100x100.jpg 100w\" sizes=\"(max-width: 150px) 100vw, 150px\" \/>\t\t\t\t\t\t\t<\/div>\n\t\t\t\t\t\t\t<div class=\"wt-post-info\">\n\t\t\t\t\t\t\t\t<div class=\"wt-post-meta\">\n\t\t\t\t\t\t\t\t\t<ul>\n\t\t\t\t\t\t\t\t\t\t<li class=\"post-author\">11 March<\/li>\n\t\t\t\t\t\t\t\t\t<\/ul>\n\t\t\t\t\t\t\t\t<\/div>                                            \n\t\t\t\t\t\t\t\t<div class=\"wt-post-header\">\n\t\t\t\t\t\t\t\t\t<a href=\"https:\/\/a-joint.nl\/en\/schnell-und-einfach-mit-decofix\/\" class=\"post-title\">Quick and easy with DECOFIX<\/a>\n\t\t\t\t\t\t\t\t<\/div>\n\t\t\t\t\t\t\t<\/div>\n\t\t\t\t\t\t<\/div>\n\t\t\t\t\t\t\t\t\t\t\t\t<div class=\"widget-post clearfix\">\n\t\t\t\t\t\t\t<div class=\"wt-post-media\">\n\t\t\t\t\t\t\t\t<img loading=\"lazy\" decoding=\"async\" width=\"150\" height=\"150\" src=\"https:\/\/a-joint.nl\/wp-content\/uploads\/2020\/12\/ajoint-ready-produkt-150x150.jpg\" class=\"attachment-thumbnail size-thumbnail wp-post-image\" alt=\"\" srcset=\"https:\/\/a-joint.nl\/wp-content\/uploads\/2020\/12\/ajoint-ready-produkt-150x150.jpg 150w, https:\/\/a-joint.nl\/wp-content\/uploads\/2020\/12\/ajoint-ready-produkt-300x300.jpg 300w, https:\/\/a-joint.nl\/wp-content\/uploads\/2020\/12\/ajoint-ready-produkt-100x100.jpg 100w\" sizes=\"(max-width: 150px) 100vw, 150px\" \/>\t\t\t\t\t\t\t<\/div>\n\t\t\t\t\t\t\t<div class=\"wt-post-info\">\n\t\t\t\t\t\t\t\t<div class=\"wt-post-meta\">\n\t\t\t\t\t\t\t\t\t<ul>\n\t\t\t\t\t\t\t\t\t\t<li class=\"post-author\">10 March<\/li>\n\t\t\t\t\t\t\t\t\t<\/ul>\n\t\t\t\t\t\t\t\t<\/div>                                            \n\t\t\t\t\t\t\t\t<div class=\"wt-post-header\">\n\t\t\t\t\t\t\t\t\t<a href=\"https:\/\/a-joint.nl\/en\/step-by-step-mit-ready-verfugen\/\" class=\"post-title\">Step by Step: Jointing with READY<\/a>\n\t\t\t\t\t\t\t\t<\/div>\n\t\t\t\t\t\t\t<\/div>\n\t\t\t\t\t\t<\/div>\n\t\t\t\t\t\t\t\t\t\t<\/div>\n\t\t\t<\/div>\n\t\t<\/div>\n\t\t<\/div><div id=\"categories-3\" class=\"widget widget_categories sidebar-widget dronza-widget p-a20\"><h4 class=\"widget-title\">Categories<\/h4>\n\t\t\t<ul>\n\t\t\t\t\t<li class=\"cat-item cat-item-59\"><a href=\"https:\/\/a-joint.nl\/en\/category\/decofix\/\">DECOFIX<\/a> (1)\n<\/li>\n\t<li class=\"cat-item cat-item-55\"><a href=\"https:\/\/a-joint.nl\/en\/category\/pro\/\">PRO<\/a> (1)\n<\/li>\n\t<li class=\"cat-item cat-item-57\"><a href=\"https:\/\/a-joint.nl\/en\/category\/produkt\/\">Product<\/a> (3)\n<\/li>\n\t<li class=\"cat-item cat-item-51\"><a href=\"https:\/\/a-joint.nl\/en\/category\/ready\/\">READY<\/a> (1)\n<\/li>\n\t\t\t<\/ul>\n\n\t\t\t<\/div><div id=\"popular_products-2\" class=\"widget widget_popular_products sidebar-widget dronza-widget p-a20\"><\/div><div id=\"tag_cloud-3\" class=\"widget widget_tag_cloud sidebar-widget dronza-widget p-a20\"><h4 class=\"widget-title\">Tags<\/h4><div class=\"tagcloud\"><a href=\"https:\/\/a-joint.nl\/en\/tag\/a-joint\/\" class=\"tag-cloud-link tag-link-62 tag-link-position-1\"  aria-label=\"A-Joint (1 item)\">A-Joint<\/a>\n<a href=\"https:\/\/a-joint.nl\/en\/tag\/ajoint\/\" class=\"tag-cloud-link tag-link-52 tag-link-position-2\"  aria-label=\"ajoint (2 items)\">ajoint<\/a>\n<a href=\"https:\/\/a-joint.nl\/en\/tag\/decofix\/\" class=\"tag-cloud-link tag-link-60 tag-link-position-3\"  aria-label=\"DECOFIX (1 item)\">DECOFIX<\/a>\n<a href=\"https:\/\/a-joint.nl\/en\/tag\/pflasterfugenmoertel\/\" class=\"tag-cloud-link tag-link-54 tag-link-position-4\"  aria-label=\"pflasterfugenm\u00f6rtel (2 items)\">paving grout<\/a>\n<a href=\"https:\/\/a-joint.nl\/en\/tag\/pro\/\" class=\"tag-cloud-link tag-link-56 tag-link-position-5\"  aria-label=\"PRO (1 item)\">PRO<\/a>\n<a href=\"https:\/\/a-joint.nl\/en\/tag\/produkt\/\" class=\"tag-cloud-link tag-link-61 tag-link-position-6\"  aria-label=\"Produkt (1 item)\">Product<\/a>\n<a href=\"https:\/\/a-joint.nl\/en\/tag\/ready\/\" class=\"tag-cloud-link tag-link-53 tag-link-position-7\"  aria-label=\"ready (1 item)\">ready<\/a><\/div>\n<\/div>\t\t\t<\/aside>\n\t\t<\/div>\n\t\t\t\t\t\t<\/div>\n\t\t\t\t<\/div>\n\t\t\t\t\t<\/div>\n\t\t<\/div>\n\t\t\t\t\t<\/div>\n\t\t<\/section>\n\t\t\t\t<\/div>","protected":false},"excerpt":{"rendered":"<p>11. M\u00e4rz 2022 Schnell und einfach mit DECOFIX Der Splitt- und Kiesverfestiger f\u00fcr helle Steine A-JOINT\u00ae DECOFIX ist ein stark wasserdurchl\u00e4ssiger, Frost- und UV-best\u00e4ndiger 1K-Spezialkleber zum verkleben von staubfreien und trockenen Read More 10. M\u00e4rz 2022 Die vielseitige 2-Komponenten PRO-Pflasterfuge A-JOINT\u00ae PRO ist ein wasserdurchl\u00e4ssiger, frost- und tausalzbest\u00e4ndiger Pflasterfugenm\u00f6rtel, welcher durch seine selbstverdichtende Eigenschaft und [&hellip;]<\/p>\n","protected":false},"author":1,"featured_media":0,"parent":0,"menu_order":0,"comment_status":"closed","ping_status":"closed","template":"","meta":{"footnotes":""},"class_list":["post-886","page","type-page","status-publish","hentry"],"acf":[],"yoast_head":"<!-- This site is optimized with the Yoast SEO plugin v27.3 - https:\/\/yoast.com\/product\/yoast-seo-wordpress\/ -->\n<title>Aktuelles - A-Joint<\/title>\n<meta name=\"robots\" content=\"index, follow, max-snippet:-1, max-image-preview:large, max-video-preview:-1\" \/>\n<link rel=\"canonical\" href=\"https:\/\/a-joint.nl\/en\/aktuelles\/\" \/>\n<meta property=\"og:locale\" content=\"en_GB\" \/>\n<meta property=\"og:type\" content=\"article\" \/>\n<meta property=\"og:title\" content=\"Aktuelles - A-Joint\" \/>\n<meta property=\"og:description\" content=\"11. M\u00e4rz 2022 Schnell und einfach mit DECOFIX Der Splitt- und Kiesverfestiger f\u00fcr helle Steine A-JOINT\u00ae DECOFIX ist ein stark wasserdurchl\u00e4ssiger, Frost- und UV-best\u00e4ndiger 1K-Spezialkleber zum verkleben von staubfreien und trockenen Read More 10. M\u00e4rz 2022 Die vielseitige 2-Komponenten PRO-Pflasterfuge A-JOINT\u00ae PRO ist ein wasserdurchl\u00e4ssiger, frost- und tausalzbest\u00e4ndiger Pflasterfugenm\u00f6rtel, welcher durch seine selbstverdichtende Eigenschaft und [&hellip;]\" \/>\n<meta property=\"og:url\" content=\"https:\/\/a-joint.nl\/en\/aktuelles\/\" \/>\n<meta property=\"og:site_name\" content=\"A-Joint\" \/>\n<meta property=\"article:modified_time\" content=\"2022-05-24T13:00:39+00:00\" \/>\n<meta property=\"og:image\" content=\"https:\/\/a-joint.nl\/wp-content\/uploads\/2022\/03\/ajoint-decofix-produkt.jpg\" \/>\n<meta name=\"twitter:card\" content=\"summary_large_image\" \/>\n<meta name=\"twitter:label1\" content=\"Estimated reading time\" \/>\n\t<meta name=\"twitter:data1\" content=\"2 minutes\" \/>\n<script type=\"application\/ld+json\" class=\"yoast-schema-graph\">{\"@context\":\"https:\\\/\\\/schema.org\",\"@graph\":[{\"@type\":\"WebPage\",\"@id\":\"https:\\\/\\\/a-joint.nl\\\/de_de\\\/aktuelles\\\/\",\"url\":\"https:\\\/\\\/a-joint.nl\\\/de_de\\\/aktuelles\\\/\",\"name\":\"Aktuelles - A-Joint\",\"isPartOf\":{\"@id\":\"https:\\\/\\\/a-joint.nl\\\/#website\"},\"primaryImageOfPage\":{\"@id\":\"https:\\\/\\\/a-joint.nl\\\/de_de\\\/aktuelles\\\/#primaryimage\"},\"image\":{\"@id\":\"https:\\\/\\\/a-joint.nl\\\/de_de\\\/aktuelles\\\/#primaryimage\"},\"thumbnailUrl\":\"https:\\\/\\\/a-joint.nl\\\/wp-content\\\/uploads\\\/2022\\\/03\\\/ajoint-decofix-produkt.jpg\",\"datePublished\":\"2020-12-30T13:32:04+00:00\",\"dateModified\":\"2022-05-24T13:00:39+00:00\",\"breadcrumb\":{\"@id\":\"https:\\\/\\\/a-joint.nl\\\/de_de\\\/aktuelles\\\/#breadcrumb\"},\"inLanguage\":\"en-GB\",\"potentialAction\":[{\"@type\":\"ReadAction\",\"target\":[\"https:\\\/\\\/a-joint.nl\\\/de_de\\\/aktuelles\\\/\"]}]},{\"@type\":\"ImageObject\",\"inLanguage\":\"en-GB\",\"@id\":\"https:\\\/\\\/a-joint.nl\\\/de_de\\\/aktuelles\\\/#primaryimage\",\"url\":\"https:\\\/\\\/a-joint.nl\\\/wp-content\\\/uploads\\\/2022\\\/03\\\/ajoint-decofix-produkt.jpg\",\"contentUrl\":\"https:\\\/\\\/a-joint.nl\\\/wp-content\\\/uploads\\\/2022\\\/03\\\/ajoint-decofix-produkt.jpg\"},{\"@type\":\"BreadcrumbList\",\"@id\":\"https:\\\/\\\/a-joint.nl\\\/de_de\\\/aktuelles\\\/#breadcrumb\",\"itemListElement\":[{\"@type\":\"ListItem\",\"position\":1,\"name\":\"Startseite\",\"item\":\"https:\\\/\\\/a-joint.nl\\\/de_de\\\/\"},{\"@type\":\"ListItem\",\"position\":2,\"name\":\"Aktuelles\"}]},{\"@type\":\"WebSite\",\"@id\":\"https:\\\/\\\/a-joint.nl\\\/#website\",\"url\":\"https:\\\/\\\/a-joint.nl\\\/\",\"name\":\"A-Joint\",\"description\":\"Die Perfekte Fuge\",\"publisher\":{\"@id\":\"https:\\\/\\\/a-joint.nl\\\/#organization\"},\"potentialAction\":[{\"@type\":\"SearchAction\",\"target\":{\"@type\":\"EntryPoint\",\"urlTemplate\":\"https:\\\/\\\/a-joint.nl\\\/?s={search_term_string}\"},\"query-input\":{\"@type\":\"PropertyValueSpecification\",\"valueRequired\":true,\"valueName\":\"search_term_string\"}}],\"inLanguage\":\"en-GB\"},{\"@type\":\"Organization\",\"@id\":\"https:\\\/\\\/a-joint.nl\\\/#organization\",\"name\":\"A-JOINT GmbH\",\"url\":\"https:\\\/\\\/a-joint.nl\\\/\",\"logo\":{\"@type\":\"ImageObject\",\"inLanguage\":\"en-GB\",\"@id\":\"https:\\\/\\\/a-joint.nl\\\/#\\\/schema\\\/logo\\\/image\\\/\",\"url\":\"https:\\\/\\\/a-joint.nl\\\/wp-content\\\/uploads\\\/2022\\\/03\\\/Logo-maintenance-120x305-1.png\",\"contentUrl\":\"https:\\\/\\\/a-joint.nl\\\/wp-content\\\/uploads\\\/2022\\\/03\\\/Logo-maintenance-120x305-1.png\",\"width\":305,\"height\":120,\"caption\":\"A-JOINT GmbH\"},\"image\":{\"@id\":\"https:\\\/\\\/a-joint.nl\\\/#\\\/schema\\\/logo\\\/image\\\/\"}}]}<\/script>\n<!-- \/ Yoast SEO plugin. -->","yoast_head_json":{"title":"Aktuelles - A-Joint","robots":{"index":"index","follow":"follow","max-snippet":"max-snippet:-1","max-image-preview":"max-image-preview:large","max-video-preview":"max-video-preview:-1"},"canonical":"https:\/\/a-joint.nl\/en\/aktuelles\/","og_locale":"en_GB","og_type":"article","og_title":"Aktuelles - A-Joint","og_description":"11. M\u00e4rz 2022 Schnell und einfach mit DECOFIX Der Splitt- und Kiesverfestiger f\u00fcr helle Steine A-JOINT\u00ae DECOFIX ist ein stark wasserdurchl\u00e4ssiger, Frost- und UV-best\u00e4ndiger 1K-Spezialkleber zum verkleben von staubfreien und trockenen Read More 10. M\u00e4rz 2022 Die vielseitige 2-Komponenten PRO-Pflasterfuge A-JOINT\u00ae PRO ist ein wasserdurchl\u00e4ssiger, frost- und tausalzbest\u00e4ndiger Pflasterfugenm\u00f6rtel, welcher durch seine selbstverdichtende Eigenschaft und [&hellip;]","og_url":"https:\/\/a-joint.nl\/en\/aktuelles\/","og_site_name":"A-Joint","article_modified_time":"2022-05-24T13:00:39+00:00","og_image":[{"url":"https:\/\/a-joint.nl\/wp-content\/uploads\/2022\/03\/ajoint-decofix-produkt.jpg","type":"","width":"","height":""}],"twitter_card":"summary_large_image","twitter_misc":{"Estimated reading time":"2 minutes"},"schema":{"@context":"https:\/\/schema.org","@graph":[{"@type":"WebPage","@id":"https:\/\/a-joint.nl\/de_de\/aktuelles\/","url":"https:\/\/a-joint.nl\/de_de\/aktuelles\/","name":"Aktuelles - A-Joint","isPartOf":{"@id":"https:\/\/a-joint.nl\/#website"},"primaryImageOfPage":{"@id":"https:\/\/a-joint.nl\/de_de\/aktuelles\/#primaryimage"},"image":{"@id":"https:\/\/a-joint.nl\/de_de\/aktuelles\/#primaryimage"},"thumbnailUrl":"https:\/\/a-joint.nl\/wp-content\/uploads\/2022\/03\/ajoint-decofix-produkt.jpg","datePublished":"2020-12-30T13:32:04+00:00","dateModified":"2022-05-24T13:00:39+00:00","breadcrumb":{"@id":"https:\/\/a-joint.nl\/de_de\/aktuelles\/#breadcrumb"},"inLanguage":"en-GB","potentialAction":[{"@type":"ReadAction","target":["https:\/\/a-joint.nl\/de_de\/aktuelles\/"]}]},{"@type":"ImageObject","inLanguage":"en-GB","@id":"https:\/\/a-joint.nl\/de_de\/aktuelles\/#primaryimage","url":"https:\/\/a-joint.nl\/wp-content\/uploads\/2022\/03\/ajoint-decofix-produkt.jpg","contentUrl":"https:\/\/a-joint.nl\/wp-content\/uploads\/2022\/03\/ajoint-decofix-produkt.jpg"},{"@type":"BreadcrumbList","@id":"https:\/\/a-joint.nl\/de_de\/aktuelles\/#breadcrumb","itemListElement":[{"@type":"ListItem","position":1,"name":"Startseite","item":"https:\/\/a-joint.nl\/de_de\/"},{"@type":"ListItem","position":2,"name":"Aktuelles"}]},{"@type":"WebSite","@id":"https:\/\/a-joint.nl\/#website","url":"https:\/\/a-joint.nl\/","name":"A-Joint","description":"Die Perfekte Fuge","publisher":{"@id":"https:\/\/a-joint.nl\/#organization"},"potentialAction":[{"@type":"SearchAction","target":{"@type":"EntryPoint","urlTemplate":"https:\/\/a-joint.nl\/?s={search_term_string}"},"query-input":{"@type":"PropertyValueSpecification","valueRequired":true,"valueName":"search_term_string"}}],"inLanguage":"en-GB"},{"@type":"Organization","@id":"https:\/\/a-joint.nl\/#organization","name":"A-JOINT GmbH","url":"https:\/\/a-joint.nl\/","logo":{"@type":"ImageObject","inLanguage":"en-GB","@id":"https:\/\/a-joint.nl\/#\/schema\/logo\/image\/","url":"https:\/\/a-joint.nl\/wp-content\/uploads\/2022\/03\/Logo-maintenance-120x305-1.png","contentUrl":"https:\/\/a-joint.nl\/wp-content\/uploads\/2022\/03\/Logo-maintenance-120x305-1.png","width":305,"height":120,"caption":"A-JOINT GmbH"},"image":{"@id":"https:\/\/a-joint.nl\/#\/schema\/logo\/image\/"}}]}},"_links":{"self":[{"href":"https:\/\/a-joint.nl\/en\/wp-json\/wp\/v2\/pages\/886","targetHints":{"allow":["GET"]}}],"collection":[{"href":"https:\/\/a-joint.nl\/en\/wp-json\/wp\/v2\/pages"}],"about":[{"href":"https:\/\/a-joint.nl\/en\/wp-json\/wp\/v2\/types\/page"}],"author":[{"embeddable":true,"href":"https:\/\/a-joint.nl\/en\/wp-json\/wp\/v2\/users\/1"}],"replies":[{"embeddable":true,"href":"https:\/\/a-joint.nl\/en\/wp-json\/wp\/v2\/comments?post=886"}],"version-history":[{"count":42,"href":"https:\/\/a-joint.nl\/en\/wp-json\/wp\/v2\/pages\/886\/revisions"}],"predecessor-version":[{"id":1835,"href":"https:\/\/a-joint.nl\/en\/wp-json\/wp\/v2\/pages\/886\/revisions\/1835"}],"wp:attachment":[{"href":"https:\/\/a-joint.nl\/en\/wp-json\/wp\/v2\/media?parent=886"}],"curies":[{"name":"wp","href":"https:\/\/api.w.org\/{rel}","templated":true}]}}